{"id":30251,"date":"2024-07-08T16:15:06","date_gmt":"2024-07-08T22:15:06","guid":{"rendered":"https:\/\/dif.naucalpan.gob.mx\/?page_id=30251"},"modified":"2024-07-19T12:26:53","modified_gmt":"2024-07-19T18:26:53","slug":"curso-verano-2024","status":"publish","type":"page","link":"https:\/\/dif.naucalpan.gob.mx\/?page_id=30251","title":{"rendered":"CURSO VERANO 2024"},"content":{"rendered":"\t\t<div data-elementor-type=\"wp-page\" data-elementor-id=\"30251\" class=\"elementor elementor-30251\">\n\t\t\t\t\t\t<section class=\"elementor-section elementor-top-section elementor-element elementor-element-30a7e35 elementor-section-boxed elementor-section-height-default elementor-section-height-default\" data-id=\"30a7e35\" data-element_type=\"section\">\n\t\t\t\t\t\t<div class=\"elementor-container elementor-column-gap-default\">\n\t\t\t\t\t<div class=\"elementor-column elementor-col-100 elementor-top-column elementor-element elementor-element-664b9da\" data-id=\"664b9da\" data-element_type=\"column\">\n\t\t\t<div class=\"elementor-widget-wrap elementor-element-populated\">\n\t\t\t\t\t\t<div class=\"elementor-element elementor-element-653dfea elementor-widget elementor-widget-slider_revolution\" data-id=\"653dfea\" data-element_type=\"widget\" data-widget_type=\"slider_revolution.default\">\n\t\t\t\t<div class=\"elementor-widget-container\">\n\t\t\t\t\t\n\t\t<div class=\"wp-block-themepunch-revslider\">\n\t\t\t<!-- START hortadif REVOLUTION SLIDER 6.5.14 --><p class=\"rs-p-wp-fix\"><\/p>\n\t\t\t<rs-module-wrap id=\"rev_slider_9_1_wrapper\" data-source=\"gallery\" style=\"visibility:hidden;background:transparent;padding:0;margin:0px auto;margin-top:0;margin-bottom:0;\">\n\t\t\t\t<rs-module id=\"rev_slider_9_1\" style=\"\" data-version=\"6.5.14\">\n\t\t\t\t\t<rs-slides>\n\t\t\t\t\t\t<rs-slide style=\"position: absolute;\" data-key=\"rs-156\" data-title=\"Slide\" data-in=\"o:0;\" data-out=\"a:false;\">\n\t\t\t\t\t\t\t<img fetchpriority=\"high\" decoding=\"async\" src=\"\/\/dif.naucalpan.gob.mx\/wp-content\/plugins\/revslider\/public\/assets\/assets\/dummy.png\" alt=\"\" title=\"banner curso de verano\" width=\"5698\" height=\"3213\" class=\"rev-slidebg tp-rs-img rs-lazyload\" data-lazyload=\"\/\/dif.naucalpan.gob.mx\/wp-content\/uploads\/2024\/07\/banner-curso-de-verano-1-1.png\" data-parallax=\"off\" data-no-retina>\n<!---->\t\t\t\t\t\t<\/rs-slide>\n\t\t\t\t\t<\/rs-slides>\n\t\t\t\t\t<rs-static-layers class=\"rs-stl-visible\"><!--\n\t\t\t\t\t--><\/rs-static-layers>\n\t\t\t\t<\/rs-module>\n\t\t\t\t<script>\n\t\t\t\t\tsetREVStartSize({c: 'rev_slider_9_1',rl:[1240,1024,778,480],el:[800,767,960,500],gw:[1224,1024,767,479],gh:[800,500,300,200],type:'standard',justify:'',layout:'fullwidth',mh:\"0\"});if (window.RS_MODULES!==undefined && window.RS_MODULES.modules!==undefined && window.RS_MODULES.modules[\"revslider91\"]!==undefined) {window.RS_MODULES.modules[\"revslider91\"].once = false;window.revapi9 = undefined;if (window.RS_MODULES.checkMinimal!==undefined) window.RS_MODULES.checkMinimal()}\n\t\t\t\t<\/script>\n\t\t\t<\/rs-module-wrap>\n\t\t\t<!-- END REVOLUTION SLIDER -->\n<\/div>\n\n\t\t\t\t\t\t<\/div>\n\t\t\t\t<\/div>\n\t\t\t\t\t<\/div>\n\t\t<\/div>\n\t\t\t\t\t<\/div>\n\t\t<\/section>\n\t\t\t\t<section class=\"elementor-section elementor-top-section elementor-element elementor-element-676052e elementor-section-boxed elementor-section-height-default elementor-section-height-default\" data-id=\"676052e\" data-element_type=\"section\">\n\t\t\t\t\t\t<div class=\"elementor-container elementor-column-gap-default\">\n\t\t\t\t\t<div class=\"elementor-column elementor-col-33 elementor-top-column elementor-element elementor-element-2d2c17c\" data-id=\"2d2c17c\" data-element_type=\"column\">\n\t\t\t<div class=\"elementor-widget-wrap elementor-element-populated\">\n\t\t\t\t\t\t<section class=\"elementor-section elementor-inner-section elementor-element elementor-element-2bee99a elementor-section-boxed elementor-section-height-default elementor-section-height-default\" data-id=\"2bee99a\" data-element_type=\"section\">\n\t\t\t\t\t\t<div class=\"elementor-container elementor-column-gap-default\">\n\t\t\t\t\t<div class=\"elementor-column elementor-col-100 elementor-inner-column elementor-element elementor-element-5462d5d\" data-id=\"5462d5d\" data-element_type=\"column\">\n\t\t\t<div class=\"elementor-widget-wrap elementor-element-populated\">\n\t\t\t\t\t\t<div class=\"elementor-element elementor-element-753fba5f elementor-widget elementor-widget-elementskit-heading\" data-id=\"753fba5f\" data-element_type=\"widget\" data-widget_type=\"elementskit-heading.default\">\n\t\t\t\t<div class=\"elementor-widget-container\">\n\t\t\t\t\t<div class=\"ekit-wid-con\" ><div class=\"ekit-heading elementskit-section-title-wraper text_left   ekit_heading_tablet-   ekit_heading_mobile-\"><h2 class=\"ekit-heading--title elementskit-section-title \">Curso de Verano 2024<\/h2><div class=\"ekit_heading_separetor_wraper ekit_heading_elementskit-border-divider ekit-dotted\"><div class=\"elementskit-border-divider ekit-dotted\"><\/div><\/div><\/div><\/div>\t\t\t\t<\/div>\n\t\t\t\t<\/div>\n\t\t\t\t<div class=\"elementor-element elementor-element-223a18d elementor-widget__width-initial elementor-widget elementor-widget-text-editor\" data-id=\"223a18d\" data-element_type=\"widget\" data-widget_type=\"text-editor.default\">\n\t\t\t\t<div class=\"elementor-widget-container\">\n\t\t\t\t\t\t\t\t\t<p>Informaci\u00f3n:<br \/>\u2022\u2060 \u2060Duraci\u00f3n del curso: 2 semanas, del 22 de julio al 02 de agosto del 2024<br \/>\u2022\u2060 \u2060Costo: $600\u00ba\u00ba por semana<br \/>\u2022\u2060 \u2060Horario del curso: de 09:00 a 14:00 hrs.<br \/>\u2022\u2060 \u2060Edades: 04 a\u00f1os a los 12 a\u00f1os cumplidos<br \/>\u2022\u2060 \u2060Lugar de inscripci\u00f3n: Oficinas de la Subdirecci\u00f3n de Asistencia a la Ni\u00f1ez, ubicadas en DIF Arcos<br \/>\u2022\u2060 \u2060El curso se llevar\u00e1 a cabo en las instalaciones de Atenco, ubicado en Ferrocarril Ac\u00e1mbaro no. 45 Col. El Conde\u00a0<span style=\"color: var( --e-global-color-text ); letter-spacing: 0px;\">(a un costado de los juzgados)<\/span><\/p><p>\uf0d8 Requisitos:<br \/>\u2022\u2060 \u2060Copia de INE de mam\u00e1, pap\u00e1 o tutor<br \/>\u2022\u2060 \u2060Copia de INE de las personas autorizadas para recoger al menor<br \/>\u2022\u2060 \u2060Copia del CURP del menor<br \/>\u2022\u2060 \u2060Recibo de pago de inscripci\u00f3n (se pagar\u00e1 en cualquiera de las cajas de DIF)<\/p><p>\uf0d8 Inscripci\u00f3n:<br \/>\u2022\u2060 \u2060Horario de inscripci\u00f3n: de lunes a viernes de 09:00 a 16:00 hrs. a partir del 08 de julio del 2024<br \/>\u2022\u2060 \u2060Cierre de inscripciones: 19 de julio del 2024<br \/>\u2022\u2060 \u2060Tel\u00e9fono de atenci\u00f3n: 55 9257 6743 Ext. 4006<\/p><p>Documentos que se llenan al momento de la inscripci\u00f3n<\/p><p>\uf0fc Hoja de inscripci\u00f3n<br \/>\uf0fc Carta responsiva<br \/>\uf0fc Reglamento<\/p><p>C U P O L I M I T A D O<\/p>\t\t\t\t\t\t\t\t<\/div>\n\t\t\t\t<\/div>\n\t\t\t\t\t<\/div>\n\t\t<\/div>\n\t\t\t\t\t<\/div>\n\t\t<\/section>\n\t\t\t\t\t<\/div>\n\t\t<\/div>\n\t\t\t\t<div class=\"elementor-column elementor-col-33 elementor-top-column elementor-element elementor-element-7d2fcba\" data-id=\"7d2fcba\" data-element_type=\"column\">\n\t\t\t<div class=\"elementor-widget-wrap\">\n\t\t\t\t\t\t\t<\/div>\n\t\t<\/div>\n\t\t\t\t<div class=\"elementor-column elementor-col-33 elementor-top-column elementor-element elementor-element-194bd28\" data-id=\"194bd28\" data-element_type=\"column\">\n\t\t\t<div class=\"elementor-widget-wrap elementor-element-populated\">\n\t\t\t\t\t\t<div class=\"elementor-element elementor-element-2f28f42 elementor-widget elementor-widget-text-editor\" data-id=\"2f28f42\" data-element_type=\"widget\" data-widget_type=\"text-editor.default\">\n\t\t\t\t<div class=\"elementor-widget-container\">\n\t\t\t\t\t\t\t\t\t<h4>Actividades<\/h4><h6>\u2022\u2060\u00a0 \u2060Tema principal: olimpiadas<\/h6><h6>\u2022\u2060\u00a0 \u2060Cocina<\/h6><h6>\u2022\u2060\u00a0 \u2060Manualidades\u00a0<\/h6><h6>\u2022\u2060\u00a0 \u2060Juegos psicomotrices\u00a0<\/h6><h6>\u2022\u2060\u00a0 \u2060Actividades deportivas\u00a0<\/h6><h6>\u2022\u2060\u00a0 \u2060Actividades culturales\u00a0<\/h6><h6>\u2022\u2060\u00a0 \u2060Musicoterapia<\/h6>\t\t\t\t\t\t\t\t<\/div>\n\t\t\t\t<\/div>\n\t\t\t\t\t<\/div>\n\t\t<\/div>\n\t\t\t\t\t<\/div>\n\t\t<\/section>\n\t\t\t\t<section class=\"elementor-section elementor-top-section elementor-element elementor-element-47e8924 elementor-section-boxed elementor-section-height-default elementor-section-height-default\" data-id=\"47e8924\" data-element_type=\"section\">\n\t\t\t\t\t\t<div class=\"elementor-container elementor-column-gap-default\">\n\t\t\t\t\t<div class=\"elementor-column elementor-col-100 elementor-top-column elementor-element elementor-element-c2626a3\" data-id=\"c2626a3\" data-element_type=\"column\">\n\t\t\t<div class=\"elementor-widget-wrap\">\n\t\t\t\t\t\t\t<\/div>\n\t\t<\/div>\n\t\t\t\t\t<\/div>\n\t\t<\/section>\n\t\t\t\t<\/div>\n\t\t<div style=\"margin: 20px 0;\"><div class=\"qrcswholewtapper\" style=\"text-align:left;\"><div class=\"qrcprowrapper\"  id=\"qrcwraa2leds\"><div class=\"qrc_canvass\" id=\"qrc_cuttenpages_2\" style=\"display:inline-block\" data-text=\"https:\/\/dif.naucalpan.gob.mx\/?page_id=30251\"><\/div><div><a download=\"CURSO VERANO 2024.png\" class=\"qrcdownloads\" id=\"worign\">\r\n           <button type=\"button\" style=\"min-width:200px;background:#0052a5;color:#ffffff;font-weight: 600;border: 1px solid #dddddd;border-radius:4px;font-size:12px;padding: 6px 0;\" class=\"uqr_code_btn\">Descargar QR<\/button>\r\n           <\/a><\/div><\/div><\/div><\/div>","protected":false},"excerpt":{"rendered":"<p>Even the all-powerful Pointing has no control about the blind texts it is an almost unorthographic life One day however a small line of blind text by the name of Lorem Ipsum decided to leave for the far World of Grammar. The Big Oxmox advised her not to do so, because there were thousands of bad Commas.<\/p>\n","protected":false},"author":5,"featured_media":0,"parent":0,"menu_order":0,"comment_status":"closed","ping_status":"closed","template":"elementor_header_footer","meta":{"footnotes":""},"class_list":["post-30251","page","type-page","status-publish","hentry"],"_links":{"self":[{"href":"https:\/\/dif.naucalpan.gob.mx\/index.php?rest_route=\/wp\/v2\/pages\/30251","targetHints":{"allow":["GET"]}}],"collection":[{"href":"https:\/\/dif.naucalpan.gob.mx\/index.php?rest_route=\/wp\/v2\/pages"}],"about":[{"href":"https:\/\/dif.naucalpan.gob.mx\/index.php?rest_route=\/wp\/v2\/types\/page"}],"author":[{"embeddable":true,"href":"https:\/\/dif.naucalpan.gob.mx\/index.php?rest_route=\/wp\/v2\/users\/5"}],"replies":[{"embeddable":true,"href":"https:\/\/dif.naucalpan.gob.mx\/index.php?rest_route=%2Fwp%2Fv2%2Fcomments&post=30251"}],"version-history":[{"count":7,"href":"https:\/\/dif.naucalpan.gob.mx\/index.php?rest_route=\/wp\/v2\/pages\/30251\/revisions"}],"predecessor-version":[{"id":30270,"href":"https:\/\/dif.naucalpan.gob.mx\/index.php?rest_route=\/wp\/v2\/pages\/30251\/revisions\/30270"}],"wp:attachment":[{"href":"https:\/\/dif.naucalpan.gob.mx\/index.php?rest_route=%2Fwp%2Fv2%2Fmedia&parent=30251"}],"curies":[{"name":"wp","href":"https:\/\/api.w.org\/{rel}","templated":true}]}}