{"id":33920,"date":"2026-05-11T16:08:38","date_gmt":"2026-05-11T22:08:38","guid":{"rendered":"https:\/\/dif.naucalpan.gob.mx\/?page_id=33920"},"modified":"2026-05-11T16:16:31","modified_gmt":"2026-05-11T22:16:31","slug":"pronunciamiento-de-cero-tolerancia-al-hostigamiento-y-acoso-sexual","status":"publish","type":"page","link":"https:\/\/dif.naucalpan.gob.mx\/?page_id=33920","title":{"rendered":"PRONUNCIAMIENTO DE CERO TOLERANCIA AL HOSTIGAMIENTO Y ACOSO SEXUAL"},"content":{"rendered":"\t\t<div data-elementor-type=\"wp-page\" data-elementor-id=\"33920\" class=\"elementor elementor-33920\">\n\t\t\t\t\t\t<section class=\"elementor-section elementor-top-section elementor-element elementor-element-7acf6b5 elementor-section-boxed elementor-section-height-default elementor-section-height-default\" data-id=\"7acf6b5\" data-element_type=\"section\">\n\t\t\t\t\t\t<div class=\"elementor-container elementor-column-gap-default\">\n\t\t\t\t\t<div class=\"elementor-column elementor-col-100 elementor-top-column elementor-element elementor-element-3d5d939\" data-id=\"3d5d939\" data-element_type=\"column\">\n\t\t\t<div class=\"elementor-widget-wrap elementor-element-populated\">\n\t\t\t\t\t\t<div class=\"elementor-element elementor-element-f41e8f8 elementor-widget elementor-widget-image\" data-id=\"f41e8f8\" data-element_type=\"widget\" data-widget_type=\"image.default\">\n\t\t\t\t<div class=\"elementor-widget-container\">\n\t\t\t\t\t\t\t\t\t\t\t\t\t\t\t<img fetchpriority=\"high\" decoding=\"async\" width=\"1024\" height=\"576\" src=\"https:\/\/dif.naucalpan.gob.mx\/wp-content\/uploads\/2026\/05\/ACOSOS-2-1024x576.jpg\" class=\"attachment-large size-large wp-image-33922\" alt=\"\" srcset=\"https:\/\/dif.naucalpan.gob.mx\/wp-content\/uploads\/2026\/05\/ACOSOS-2-1024x576.jpg 1024w, https:\/\/dif.naucalpan.gob.mx\/wp-content\/uploads\/2026\/05\/ACOSOS-2-300x169.jpg 300w, https:\/\/dif.naucalpan.gob.mx\/wp-content\/uploads\/2026\/05\/ACOSOS-2-768x432.jpg 768w, https:\/\/dif.naucalpan.gob.mx\/wp-content\/uploads\/2026\/05\/ACOSOS-2-1536x864.jpg 1536w, https:\/\/dif.naucalpan.gob.mx\/wp-content\/uploads\/2026\/05\/ACOSOS-2-1170x658.jpg 1170w, https:\/\/dif.naucalpan.gob.mx\/wp-content\/uploads\/2026\/05\/ACOSOS-2-800x450.jpg 800w, https:\/\/dif.naucalpan.gob.mx\/wp-content\/uploads\/2026\/05\/ACOSOS-2.jpg 1920w\" sizes=\"(max-width: 1024px) 100vw, 1024px\" \/>\t\t\t\t\t\t\t\t\t\t\t\t\t\t\t<\/div>\n\t\t\t\t<\/div>\n\t\t\t\t<div class=\"elementor-element elementor-element-cd1f340 elementor-widget elementor-widget-spacer\" data-id=\"cd1f340\" data-element_type=\"widget\" data-widget_type=\"spacer.default\">\n\t\t\t\t<div class=\"elementor-widget-container\">\n\t\t\t\t\t\t\t<div class=\"elementor-spacer\">\n\t\t\t<div class=\"elementor-spacer-inner\"><\/div>\n\t\t<\/div>\n\t\t\t\t\t\t<\/div>\n\t\t\t\t<\/div>\n\t\t\t\t\t<\/div>\n\t\t<\/div>\n\t\t\t\t\t<\/div>\n\t\t<\/section>\n\t\t\t\t<section class=\"elementor-section elementor-top-section elementor-element elementor-element-a7f578f elementor-section-boxed elementor-section-height-default elementor-section-height-default\" data-id=\"a7f578f\" data-element_type=\"section\">\n\t\t\t\t\t\t<div class=\"elementor-container elementor-column-gap-default\">\n\t\t\t\t\t<div class=\"elementor-column elementor-col-100 elementor-top-column elementor-element elementor-element-a40faf0\" data-id=\"a40faf0\" data-element_type=\"column\">\n\t\t\t<div class=\"elementor-widget-wrap elementor-element-populated\">\n\t\t\t\t\t\t<div class=\"elementor-element elementor-element-f090035 elementor-widget elementor-widget-elementskit-heading\" data-id=\"f090035\" data-element_type=\"widget\" data-widget_type=\"elementskit-heading.default\">\n\t\t\t\t<div class=\"elementor-widget-container\">\n\t\t\t\t\t<div class=\"ekit-wid-con\" ><div class=\"ekit-heading elementskit-section-title-wraper text_center   ekit_heading_tablet-   ekit_heading_mobile-\"><h2 class=\"ekit-heading--title elementskit-section-title \">PRONUNCIAMIENTO DE CERO TOLERANCIA AL HOSTIGAMIENTO Y ACOSO SEXUAL<\/h2><div class=\"ekit_heading_separetor_wraper ekit_heading_elementskit-border-divider ekit-dotted\"><div class=\"elementskit-border-divider ekit-dotted\"><\/div><\/div><\/div><\/div>\t\t\t\t<\/div>\n\t\t\t\t<\/div>\n\t\t\t\t\t<\/div>\n\t\t<\/div>\n\t\t\t\t\t<\/div>\n\t\t<\/section>\n\t\t\t\t<section class=\"elementor-section elementor-top-section elementor-element elementor-element-e5d910b elementor-section-boxed elementor-section-height-default elementor-section-height-default\" data-id=\"e5d910b\" data-element_type=\"section\">\n\t\t\t\t\t\t<div class=\"elementor-container elementor-column-gap-default\">\n\t\t\t\t\t<div class=\"elementor-column elementor-col-100 elementor-top-column elementor-element elementor-element-fe771c5\" data-id=\"fe771c5\" data-element_type=\"column\">\n\t\t\t<div class=\"elementor-widget-wrap elementor-element-populated\">\n\t\t\t\t\t\t<div class=\"elementor-element elementor-element-4183093 elementor-widget elementor-widget-text-editor\" data-id=\"4183093\" data-element_type=\"widget\" data-widget_type=\"text-editor.default\">\n\t\t\t\t<div class=\"elementor-widget-container\">\n\t\t\t\t\t\t\t\t\t<p>El Sistema Municipal para el Desarrollo Integral de la Familia de Naucalpan de Ju\u00e1rez, M\u00e9xico, reafirma su compromiso irrestricto con la protecci\u00f3n de los derechos humanos, la dignidad de las personas y la construcci\u00f3n de un entorno laboral seguro, respetuoso e igualitario.<\/p><p>Que el Hostigamiento Sexual y Acoso Sexual son manifestaciones de violencia sexual que afectan principalmente a las mujeres y derivan en sanciones de car\u00e1cter laboral, penal y administrativo; y que al ser actos que, generalmente, suceden en lo privado, el dicho de las presuntas v\u00edctimas constituye prueba preponderante de lo narrado.<\/p><p>En raz\u00f3n de lo anterior y en congruencia con lo establecido en el art\u00edculo 1o. Constituci\u00f3n Pol\u00edtica de los Estados Unidos Mexicanos; art\u00edculo 7 de la Convenci\u00f3n Interamericana para Prevenir, Sancionar y Erradicar la Violencia contra la Mujer &#8220;Convenci\u00f3n de Bel\u00e9m do Par\u00e1&#8221;; Ley General de Acceso de las Mujeres a una Vida Libre de Violencia; art\u00edculos 5 y 7 de la Convenci\u00f3n Americana sobre Derechos Humanos; Ley de Responsabilidades Administrativas del Estado de M\u00e9xico y Municipios; as\u00ed como con el Protocolo para la Prevenci\u00f3n, Atenci\u00f3n y Sanci\u00f3n del Hostigamiento Sexual y Acoso Sexual, este Organismo manifiesta su cero tolerancia absoluta frente a cualquier conducta de hostigamiento o acoso sexual.<\/p><p>Estas conductas constituyen una grave violaci\u00f3n a los derechos humanos, atentan contra la integridad f\u00edsica, psicol\u00f3gica y moral de las personas, siendo las mujeres las m\u00e1s afectadas por estas formas de violencia, siendo contrarias a los principios de legalidad, honradez, respeto, igualdad y no discriminaci\u00f3n que deben regir el servicio p\u00fablico.<\/p><p>En este sentido, el SMDIF Naucalpan de Ju\u00e1rez se\u00f1ala de forma, m\u00e1s no limitativa, las conductas que vulneran el \u201ccomportamiento digno\u201d de esta instituci\u00f3n:<\/p><p>\u00a0<\/p>\t\t\t\t\t\t\t\t<\/div>\n\t\t\t\t<\/div>\n\t\t\t\t<div class=\"elementor-element elementor-element-e8af3f8 elementor-widget elementor-widget-text-editor\" data-id=\"e8af3f8\" data-element_type=\"widget\" data-widget_type=\"text-editor.default\">\n\t\t\t\t<div class=\"elementor-widget-container\">\n\t\t\t\t\t\t\t\t\t<ol><li>Tener contacto f\u00edsico sugestivo o de naturaleza sexual, como tocamientos, abrazos, besos, manoseos y jalones, sin el consentimiento expreso de la persona que los recibe.<\/li><li>Hacer regalos, dar preferencias indebidas o notoriamente diferentes a cambio de conductas sexuales, o manifestar abiertamente o de manera indirecta y constante el inter\u00e9s sexual por una persona sin el consentimiento expreso de la persona que los recibe.<\/li><li>Llevar a cabo conductas dominantes, agresivas, intimidatorias u hostiles hacia una persona para que se someta a sus deseos o intereses sexuales, o al de alguna otra u otras personas.<\/li><li>Espiar a una persona mientras \u00e9sta se cambia de ropa o est\u00e1 en el sanitario.<\/li><li>Condicionar la obtenci\u00f3n de un empleo, su permanencia en \u00e9l o las condiciones del mismo, a cambio de aceptar conductas de naturaleza sexual.<\/li><li>Obligar a la realizaci\u00f3n de actividades que no competen a sus labores u otras medidas disciplinarias en represalia por rechazar proposiciones de car\u00e1cter sexual.<\/li><li>Expresar comentarios, burlas, piropos o bromas hacia otra persona referentes a la apariencia o a la anatom\u00eda con connotaci\u00f3n sexual, bien sea presenciales o a trav\u00e9s de cualquier medio de comunicaci\u00f3n.<\/li><li>Condicionar la prestaci\u00f3n de un tr\u00e1mite o servicio p\u00fablico o evaluaci\u00f3n escolar a cambio de que la persona usuaria, estudiante o solicitante, acceda a sostener actos sexuales de cualquier naturaleza.<\/li><li>Expresar insinuaciones, invitaciones, favores o propuestas a citas o encuentros de car\u00e1cter sexual sin el consentimiento expreso de la persona que los recibe.<\/li><li>Emitir expresiones o utilizar lenguaje que denigre a las personas o pretenda colocarlas como objeto sexual.<\/li><li>Preguntar a una persona sobre historias, fantas\u00edas o preferencias sexuales o sobre su vida sexual, sin el consentimiento expreso de la persona que los recibe.<\/li><li>Exhibir en el protector de pantalla o enviar a trav\u00e9s de alg\u00fan medio de comunicaci\u00f3n, im\u00e1genes, videos, carteles, calendarios, mensajes, fotos, afiches, ilustraciones u objetos con im\u00e1genes o estructuras de naturaleza sexual, no deseadas ni solicitadas por la persona receptora.<\/li><li>Difundir rumores o cualquier tipo de informaci\u00f3n sobre la vida sexual de una persona con el fin de afectar su integridad, estatus u honra.<\/li><li>Expresar insultos o humillaciones de naturaleza sexual.<\/li><li>Mostrar deliberadamente partes \u00edntimas del cuerpo a una o varias personas.<\/li><\/ol>\t\t\t\t\t\t\t\t<\/div>\n\t\t\t\t<\/div>\n\t\t\t\t<div class=\"elementor-element elementor-element-d849bea elementor-widget elementor-widget-text-editor\" data-id=\"d849bea\" data-element_type=\"widget\" data-widget_type=\"text-editor.default\">\n\t\t\t\t<div class=\"elementor-widget-container\">\n\t\t\t\t\t\t\t\t\t<p>El SMDIF Naucalpan de Ju\u00e1rez rechaza y condena cualquier forma de hostigamiento y acoso sexual, sin excepci\u00f3n.<\/p><p>El SMDIF Naucalpan de Ju\u00e1rez actuar\u00e1 con firmeza, investigando y sancionando conforme a la normatividad aplicable cualquier conducta que constituya hostigamiento o acoso sexual. Asegurando que no habr\u00e1 represalias contra quienes denuncien o participen en la atenci\u00f3n de estos casos y garantizando la atenci\u00f3n oportuna, confidencial y con perspectiva de g\u00e9nero a las personas que sean v\u00edctimas de estas conductas<\/p><p>Asimismo, se exhorta a todas las personas servidoras p\u00fablicas a conducirse con \u00e9tica, profesionalismo y respeto, y a contribuir activamente en la erradicaci\u00f3n de estas conductas.<\/p><p>La construcci\u00f3n de espacios libres de violencia es una responsabilidad compartida. En el Sistema Municipal DIF Naucalpan, no hay cabida para el hostigamiento ni el acoso sexual.<\/p>\t\t\t\t\t\t\t\t<\/div>\n\t\t\t\t<\/div>\n\t\t\t\t\t<\/div>\n\t\t<\/div>\n\t\t\t\t\t<\/div>\n\t\t<\/section>\n\t\t\t\t<\/div>\n\t\t<div style=\"margin: 20px 0;\"><div class=\"qrcswholewtapper\" style=\"text-align:left;\"><div class=\"qrcprowrapper\"  id=\"qrcwraa2leds\"><div class=\"qrc_canvass\" id=\"qrc_cuttenpages_2\" style=\"display:inline-block\" data-text=\"https:\/\/dif.naucalpan.gob.mx\/?page_id=33920\"><\/div><div><a download=\"PRONUNCIAMIENTO DE CERO TOLERANCIA AL HOSTIGAMIENTO Y ACOSO SEXUAL.png\" class=\"qrcdownloads\" id=\"worign\">\r\n           <button type=\"button\" style=\"min-width:200px;background:#0052a5;color:#ffffff;font-weight: 600;border: 1px solid #dddddd;border-radius:4px;font-size:12px;padding: 6px 0;\" class=\"uqr_code_btn\">Descargar QR<\/button>\r\n           <\/a><\/div><\/div><\/div><\/div>","protected":false},"excerpt":{"rendered":"<p>Even the all-powerful Pointing has no control about the blind texts it is an almost unorthographic life One day however a small line of blind text by the name of Lorem Ipsum decided to leave for the far World of Grammar. The Big Oxmox advised her not to do so, because there were thousands of bad Commas.<\/p>\n","protected":false},"author":5,"featured_media":0,"parent":0,"menu_order":0,"comment_status":"closed","ping_status":"closed","template":"elementor_header_footer","meta":{"footnotes":""},"class_list":["post-33920","page","type-page","status-publish","hentry"],"_links":{"self":[{"href":"https:\/\/dif.naucalpan.gob.mx\/index.php?rest_route=\/wp\/v2\/pages\/33920","targetHints":{"allow":["GET"]}}],"collection":[{"href":"https:\/\/dif.naucalpan.gob.mx\/index.php?rest_route=\/wp\/v2\/pages"}],"about":[{"href":"https:\/\/dif.naucalpan.gob.mx\/index.php?rest_route=\/wp\/v2\/types\/page"}],"author":[{"embeddable":true,"href":"https:\/\/dif.naucalpan.gob.mx\/index.php?rest_route=\/wp\/v2\/users\/5"}],"replies":[{"embeddable":true,"href":"https:\/\/dif.naucalpan.gob.mx\/index.php?rest_route=%2Fwp%2Fv2%2Fcomments&post=33920"}],"version-history":[{"count":4,"href":"https:\/\/dif.naucalpan.gob.mx\/index.php?rest_route=\/wp\/v2\/pages\/33920\/revisions"}],"predecessor-version":[{"id":33925,"href":"https:\/\/dif.naucalpan.gob.mx\/index.php?rest_route=\/wp\/v2\/pages\/33920\/revisions\/33925"}],"wp:attachment":[{"href":"https:\/\/dif.naucalpan.gob.mx\/index.php?rest_route=%2Fwp%2Fv2%2Fmedia&parent=33920"}],"curies":[{"name":"wp","href":"https:\/\/api.w.org\/{rel}","templated":true}]}}